{"id":287,"date":"2023-05-22T04:56:46","date_gmt":"2023-05-22T04:56:46","guid":{"rendered":"http:\/\/agumz.de\/?page_id=287"},"modified":"2024-09-09T13:54:55","modified_gmt":"2024-09-09T13:54:55","slug":"vita","status":"publish","type":"page","link":"https:\/\/agumz.de\/en\/vita\/","title":{"rendered":"Vita"},"content":{"rendered":"\n<p><strong>Prof. Dr. Antje Gumz<\/strong><br>Professorin f\u00fcr Psychosomatik und Psychotherapie an der Psychologischen Hochschule Berlin <\/p>\n\n\n\n<p>Ich bin Psychoanalytikerin, tiefenpsychologische fundierte Psychotherapeutin und systemische Therapeutin. Ich verf\u00fcge \u00fcber Grundausbildungen in einer Reihe weiterer Verfahren (z.B. in katathym-imaginativer Therapie, tiefenpsychologisch fundierter Psychodramatherapie, Hypnosepsychotherapie, analytischer K\u00f6rperpsychotherapie, Gespr\u00e4chspsychotherapie) sowie \u00fcber eine Ausbildung in Supervision, Teamentwicklung und Coaching.<\/p>\n\n\n\n<p>Meine wissenschaftlichen Schwerpunkte sind die Psychotherapieforschung und Psychotherapieausbildungsforschung. Insbesondere befassen wir uns mit therapeutischen Kompetenzen im Hinblick auf drei \u00fcbergeordnete Fragestellungen:<br>Die erste Fragestellung befasst sich damit, wie ein kompetenter Umgang mit Spannungen und Krisen in der Therapiebeziehung (\u00dcbertragung und Gegen\u00fcbertragung, Alliance Ruptures) gelingt. In diesen Bereich fallen unsere Forschungen zum Allianzfokussierten Training sowie zur subjektiven Gegen\u00fcbertragung.<br>Bei der zweiten Fragestellung geht es um allgemeine interpersonelle Kompetenzen von Therapeuten. Unsere Forschungsans\u00e4tze hierzu betreffen das Konstrukt der interpersonellen F\u00e4higkeiten (Facilitative Interpersonal Skills, FIS) und das Messen dieser F\u00e4higkeiten mit der FIS-\u00dcbung. In diesem Themenbereich fokussieren wir darauf, mit welchen Eigenschaften hohe interpersonelle F\u00e4higkeiten einhergehen und durch welche linguistischen und phonetischen Merkmale Therapeuten\u00e4u\u00dferungen gekennzeichnet sind, die als interpersonell kompetent eingestuft werden. Zudem untersuchen wir die Neigung von Therapeuten, ihre interpersonellen F\u00e4higkeiten zu \u00fcbersch\u00e4tzen (Self-Assessment Bias).<br>Die dritte Fragestellung betrifft die therapeutische Kompetenz, Techniken anzuwenden und hilfreiche Ver\u00e4nderungsprozesse entstehen zu lassen. In diesem Themenbereich befassen wir uns mit dem Messen verbaler Techniken sowie mit dem Beschreiben und Messen von Ver\u00e4nderungsprinzipien (Mediators of change).<\/p>\n\n\n\n<p><\/p>\n\n\n\n<p>Ich bin Autorin und Herausgeberin zahlreicher Ver\u00f6ffentlichungen von <a data-type=\"page\" data-id=\"280\" href=\"https:\/\/agumz.de\/publikationen\/\">Fachartikeln, B\u00fcchern<\/a> und Lehrvideos und bin Mitherausgeberin der Fachzeitschrift <a href=\"https:\/\/www.springer.com\/journal\/278\" target=\"_blank\" rel=\"noreferrer noopener\">Die Psychotherapie<\/a>. Ich bin seit vielen Jahren als Selbsterfahrungsleiterin und Supervisorin f\u00fcr verschiedene Ausbildungsinstitute t\u00e4tig.<\/p>\n\n\n\n<p>Ich lebe mit meiner Familie in Leipzig. Ich interessiere mich f\u00fcr klassische Musik, Fernwanderungen und meinen Garten.<\/p>\n\n\n\n<p><\/p>\n\n\n\n<figure class=\"wp-block-gallery has-nested-images columns-default is-cropped wp-block-gallery-1 is-layout-flex\">\n<figure class=\"wp-block-image size-large\"><img decoding=\"async\" loading=\"lazy\" width=\"394\" height=\"263\" data-id=\"575\"  src=\"https:\/\/agumz.de\/wp-content\/uploads\/2023\/07\/1.jpg\" alt=\"\" class=\"wp-image-575\" srcset=\"https:\/\/agumz.de\/wp-content\/uploads\/2023\/07\/1.jpg 394w, https:\/\/agumz.de\/wp-content\/uploads\/2023\/07\/1-300x200.jpg 300w\" sizes=\"(max-width: 394px) 100vw, 394px\" \/><\/figure>\n\n\n\n<figure class=\"wp-block-image size-large\"><img decoding=\"async\" loading=\"lazy\" width=\"394\" height=\"263\" data-id=\"574\"  src=\"https:\/\/agumz.de\/wp-content\/uploads\/2023\/07\/2.jpg\" alt=\"\" class=\"wp-image-574\" srcset=\"https:\/\/agumz.de\/wp-content\/uploads\/2023\/07\/2.jpg 394w, https:\/\/agumz.de\/wp-content\/uploads\/2023\/07\/2-300x200.jpg 300w\" sizes=\"(max-width: 394px) 100vw, 394px\" \/><\/figure>\n<\/figure>\n\n\n\n<p><\/p>\n\n\n\n<p><\/p>\n\n\n\n<div style=\"height:20px\" aria-hidden=\"true\" class=\"wp-block-spacer\"><\/div>\n\n\n\n<div style=\"height:20px\" aria-hidden=\"true\" class=\"wp-block-spacer\"><\/div>\n\n\n\n<div class=\"wp-block-buttons is-layout-flex\">\n<div class=\"wp-block-button\"><a class=\"wp-block-button__link wp-element-button\" href=\"https:\/\/www.psychologische-hochschule.de\/wp-content\/uploads\/2023\/01\/Prof.-Gumz-CV.pdf\" target=\"_blank\" rel=\"noreferrer noopener\">Ausf\u00fchrlicher Lebenslauf<\/a><\/div>\n<\/div>\n","protected":false},"excerpt":{"rendered":"<p>Prof. Dr. Antje GumzProfessorin f\u00fcr Psychosomatik und Psychotherapie an der Psychologischen Hochschule Berlin Ich bin Psychoanalytikerin, tiefenpsychologische fundierte Psychotherapeutin und systemische Therapeutin. Ich verf\u00fcge \u00fcber Grundausbildungen in einer Reihe weiterer Verfahren (z.B. in katathym-imaginativer Therapie, tiefenpsychologisch fundierter Psychodramatherapie, Hypnosepsychotherapie, analytischer K\u00f6rperpsychotherapie, Gespr\u00e4chspsychotherapie) sowie \u00fcber eine Ausbildung in Supervision, Teamentwicklung und Coaching. Meine wissenschaftlichen Schwerpunkte sind [&hellip;]<\/p>\n","protected":false},"author":1,"featured_media":0,"parent":0,"menu_order":0,"comment_status":"closed","ping_status":"closed","template":"","meta":[],"translation":{"provider":"WPGlobus","version":"2.12.2","language":"en","enabled_languages":["de","en"],"languages":{"de":{"title":true,"content":true,"excerpt":false},"en":{"title":false,"content":false,"excerpt":false}}},"yoast_head":"<!-- This site is optimized with the Yoast SEO plugin v21.8.1 - https:\/\/yoast.com\/wordpress\/plugins\/seo\/ -->\n<title>Vita - Antje Gumz<\/title>\n<meta name=\"robots\" content=\"index, follow, max-snippet:-1, max-image-preview:large, max-video-preview:-1\" \/>\n<link rel=\"canonical\" href=\"https:\/\/agumz.de\/vita\/\" \/>\n<meta property=\"og:locale\" content=\"en_US\" \/>\n<meta property=\"og:type\" content=\"article\" \/>\n<meta property=\"og:title\" content=\"Vita - Antje Gumz\" \/>\n<meta property=\"og:url\" content=\"https:\/\/agumz.de\/vita\/\" \/>\n<meta property=\"og:site_name\" content=\"Antje Gumz\" \/>\n<meta property=\"article:modified_time\" content=\"2024-09-09T13:54:55+00:00\" \/>\n<meta property=\"og:image\" content=\"https:\/\/agumz.de\/wp-content\/uploads\/2023\/07\/1.jpg\" \/>\n<meta name=\"twitter:card\" content=\"summary_large_image\" \/>\n<meta name=\"twitter:label1\" content=\"Est. reading time\" \/>\n\t<meta name=\"twitter:data1\" content=\"2 minutes\" \/>\n<script type=\"application\/ld+json\" class=\"yoast-schema-graph\">{\"@context\":\"https:\/\/schema.org\",\"@graph\":[{\"@type\":\"WebPage\",\"@id\":\"https:\/\/agumz.de\/vita\/\",\"url\":\"https:\/\/agumz.de\/vita\/\",\"name\":\"Vita - Antje Gumz\",\"isPartOf\":{\"@id\":\"https:\/\/agumz.de\/#website\"},\"datePublished\":\"2023-05-22T04:56:46+00:00\",\"dateModified\":\"2024-09-09T13:54:55+00:00\",\"breadcrumb\":{\"@id\":\"https:\/\/agumz.de\/vita\/#breadcrumb\"},\"inLanguage\":\"en-US\",\"potentialAction\":[{\"@type\":\"ReadAction\",\"target\":[\"https:\/\/agumz.de\/vita\/\"]}]},{\"@type\":\"BreadcrumbList\",\"@id\":\"https:\/\/agumz.de\/vita\/#breadcrumb\",\"itemListElement\":[{\"@type\":\"ListItem\",\"position\":1,\"name\":\"Startseite\",\"item\":\"https:\/\/agumz.de\/\"},{\"@type\":\"ListItem\",\"position\":2,\"name\":\"Vita\"}]},{\"@type\":\"WebSite\",\"@id\":\"https:\/\/agumz.de\/#website\",\"url\":\"https:\/\/agumz.de\/\",\"name\":\"Antje Gumz\",\"description\":\"Professorin f\u00fcr Psychosomatik und Psychotherapie an der Psychologischen Hochschule Berlin\",\"publisher\":{\"@id\":\"https:\/\/agumz.de\/#\/schema\/person\/1c236d029ff91b66edd9c0f3f2de828d\"},\"potentialAction\":[{\"@type\":\"SearchAction\",\"target\":{\"@type\":\"EntryPoint\",\"urlTemplate\":\"https:\/\/agumz.de\/?s={search_term_string}\"},\"query-input\":\"required name=search_term_string\"}],\"inLanguage\":\"en-US\"},{\"@type\":[\"Person\",\"Organization\"],\"@id\":\"https:\/\/agumz.de\/#\/schema\/person\/1c236d029ff91b66edd9c0f3f2de828d\",\"name\":\"Prof. Dr. Antje Gumz\",\"image\":{\"@type\":\"ImageObject\",\"inLanguage\":\"en-US\",\"@id\":\"https:\/\/agumz.de\/#\/schema\/person\/image\/\",\"url\":\"https:\/\/agumz.de\/wp-content\/uploads\/2023\/06\/180216-058t-PROF-ANTJE-GUMZx-72dpi.jpeg\",\"contentUrl\":\"https:\/\/agumz.de\/wp-content\/uploads\/2023\/06\/180216-058t-PROF-ANTJE-GUMZx-72dpi.jpeg\",\"width\":850,\"height\":747,\"caption\":\"Prof. Dr. Antje Gumz\"},\"logo\":{\"@id\":\"https:\/\/agumz.de\/#\/schema\/person\/image\/\"},\"sameAs\":[\"http:\/\/agumz.de\"]}]}<\/script>\n<!-- \/ Yoast SEO plugin. -->","yoast_head_json":{"title":"Vita - Antje Gumz","robots":{"index":"index","follow":"follow","max-snippet":"max-snippet:-1","max-image-preview":"max-image-preview:large","max-video-preview":"max-video-preview:-1"},"canonical":"https:\/\/agumz.de\/vita\/","og_locale":"en_US","og_type":"article","og_title":"Vita - Antje Gumz","og_url":"https:\/\/agumz.de\/vita\/","og_site_name":"Antje Gumz","article_modified_time":"2024-09-09T13:54:55+00:00","og_image":[{"url":"https:\/\/agumz.de\/wp-content\/uploads\/2023\/07\/1.jpg"}],"twitter_card":"summary_large_image","twitter_misc":{"Est. reading time":"2 minutes"},"schema":{"@context":"https:\/\/schema.org","@graph":[{"@type":"WebPage","@id":"https:\/\/agumz.de\/vita\/","url":"https:\/\/agumz.de\/vita\/","name":"Vita - Antje Gumz","isPartOf":{"@id":"https:\/\/agumz.de\/#website"},"datePublished":"2023-05-22T04:56:46+00:00","dateModified":"2024-09-09T13:54:55+00:00","breadcrumb":{"@id":"https:\/\/agumz.de\/vita\/#breadcrumb"},"inLanguage":"en-US","potentialAction":[{"@type":"ReadAction","target":["https:\/\/agumz.de\/vita\/"]}]},{"@type":"BreadcrumbList","@id":"https:\/\/agumz.de\/vita\/#breadcrumb","itemListElement":[{"@type":"ListItem","position":1,"name":"Startseite","item":"https:\/\/agumz.de\/"},{"@type":"ListItem","position":2,"name":"Vita"}]},{"@type":"WebSite","@id":"https:\/\/agumz.de\/#website","url":"https:\/\/agumz.de\/","name":"Antje Gumz","description":"Professorin f\u00fcr Psychosomatik und Psychotherapie an der Psychologischen Hochschule Berlin","publisher":{"@id":"https:\/\/agumz.de\/#\/schema\/person\/1c236d029ff91b66edd9c0f3f2de828d"},"potentialAction":[{"@type":"SearchAction","target":{"@type":"EntryPoint","urlTemplate":"https:\/\/agumz.de\/?s={search_term_string}"},"query-input":"required name=search_term_string"}],"inLanguage":"en-US"},{"@type":["Person","Organization"],"@id":"https:\/\/agumz.de\/#\/schema\/person\/1c236d029ff91b66edd9c0f3f2de828d","name":"Prof. Dr. Antje Gumz","image":{"@type":"ImageObject","inLanguage":"en-US","@id":"https:\/\/agumz.de\/#\/schema\/person\/image\/","url":"https:\/\/agumz.de\/wp-content\/uploads\/2023\/06\/180216-058t-PROF-ANTJE-GUMZx-72dpi.jpeg","contentUrl":"https:\/\/agumz.de\/wp-content\/uploads\/2023\/06\/180216-058t-PROF-ANTJE-GUMZx-72dpi.jpeg","width":850,"height":747,"caption":"Prof. Dr. Antje Gumz"},"logo":{"@id":"https:\/\/agumz.de\/#\/schema\/person\/image\/"},"sameAs":["http:\/\/agumz.de"]}]}},"_links":{"self":[{"href":"https:\/\/agumz.de\/en\/wp-json\/wp\/v2\/pages\/287"}],"collection":[{"href":"https:\/\/agumz.de\/en\/wp-json\/wp\/v2\/pages"}],"about":[{"href":"https:\/\/agumz.de\/en\/wp-json\/wp\/v2\/types\/page"}],"author":[{"embeddable":true,"href":"https:\/\/agumz.de\/en\/wp-json\/wp\/v2\/users\/1"}],"replies":[{"embeddable":true,"href":"https:\/\/agumz.de\/en\/wp-json\/wp\/v2\/comments?post=287"}],"version-history":[{"count":1,"href":"https:\/\/agumz.de\/en\/wp-json\/wp\/v2\/pages\/287\/revisions"}],"predecessor-version":[{"id":901,"href":"https:\/\/agumz.de\/en\/wp-json\/wp\/v2\/pages\/287\/revisions\/901"}],"wp:attachment":[{"href":"https:\/\/agumz.de\/en\/wp-json\/wp\/v2\/media?parent=287"}],"curies":[{"name":"wp","href":"https:\/\/api.w.org\/{rel}","templated":true}]}}