{"id":472,"date":"2023-06-09T12:25:42","date_gmt":"2023-06-09T12:25:42","guid":{"rendered":"https:\/\/agumz.de\/?page_id=472"},"modified":"2025-10-14T19:49:01","modified_gmt":"2025-10-14T19:49:01","slug":"impressum","status":"publish","type":"page","link":"https:\/\/agumz.de\/en\/impressum\/","title":{"rendered":"Impressum"},"content":{"rendered":"\n<p><strong>Impressum<br>Angaben gem\u00e4\u00df \u00a7 5 TMG<\/strong><br>Prof. Dr. Antje Gumz <\/p>\n\n\n\n<p><strong>Kontakt<\/strong><\/p>\n\n\n\n<p>Telefon: 030\/ 20 91 66-282 (dienstlich) E-Mail: kontakt@agumz.de Instagram: @antjegumz<\/p>\n\n\n\n<p><strong>Aufsichtsbeh\u00f6rde<\/strong><\/p>\n\n\n\n<p>\u00c4rztekammer Berlin Friedrichstra\u00dfe 16, 10969 Berlin<\/p>\n\n\n\n<p><a href=\"https:\/\/www.aekb.de\/\">https:\/\/www.aekb.de\/<\/a><\/p>\n\n\n\n<p><strong>Berufsbezeichnung und berufsrechtliche Regelungen<\/strong><\/p>\n\n\n\n<p>Berufsbezeichnung:<br>Fach\u00e4rztin f\u00fcr Psychotherapie und Psychosomatische Medizin<\/p>\n\n\n\n<p>Zust\u00e4ndige Kammer: Landes\u00e4rztekammer Sachsen<\/p>\n\n\n\n<p>Verliehen in: Sachsen<\/p>\n\n\n\n<p>Es gelten folgende berufsrechtliche Regelungen:<\/p>\n\n\n\n<p>Muster-Berufsordnung B\u00c4K<br>einsehbar unter: https:\/\/www.bundesaerztekammer.de\/themen\/recht\/berufsrecht<\/p>\n\n\n\n<p><strong>Redaktionell verantwortlich<\/strong><\/p>\n\n\n\n<p>Prof. Dr. Antje Gumz<\/p>\n\n\n\n<p><strong>Verbraucherstreitbeilegung\/Universalschlichtungsstelle<\/strong><\/p>\n\n\n\n<p>Wir sind nicht bereit oder verpflichtet, an Streitbeilegungsverfahren vor einer Verbraucherschlichtungsstelle teilzunehmen.<\/p>\n\n\n\n<p>Quelle:<\/p>\n\n\n\n<p><a href=\"https:\/\/www.e-recht24.de\">https:\/\/www.e-recht24.de<\/a><\/p>\n\n\n\n<p><strong>Bildmaterial<\/strong><\/p>\n\n\n\n<p>Pexels, privat<\/p>\n","protected":false},"excerpt":{"rendered":"<p>ImpressumAngaben gem\u00e4\u00df \u00a7 5 TMGProf. Dr. Antje Gumz Kontakt Telefon: 030\/ 20 91 66-282 (dienstlich) E-Mail: kontakt@agumz.de Instagram: @antjegumz Aufsichtsbeh\u00f6rde \u00c4rztekammer Berlin Friedrichstra\u00dfe 16, 10969 Berlin https:\/\/www.aekb.de\/ Berufsbezeichnung und berufsrechtliche Regelungen Berufsbezeichnung:Fach\u00e4rztin f\u00fcr Psychotherapie und Psychosomatische Medizin Zust\u00e4ndige Kammer: Landes\u00e4rztekammer Sachsen Verliehen in: Sachsen Es gelten folgende berufsrechtliche Regelungen: Muster-Berufsordnung B\u00c4Keinsehbar unter: https:\/\/www.bundesaerztekammer.de\/themen\/recht\/berufsrecht Redaktionell verantwortlich [&hellip;]<\/p>\n","protected":false},"author":1,"featured_media":0,"parent":0,"menu_order":0,"comment_status":"closed","ping_status":"closed","template":"","meta":[],"translation":{"provider":"WPGlobus","version":"2.12.2","language":"en","enabled_languages":["de","en"],"languages":{"de":{"title":true,"content":true,"excerpt":false},"en":{"title":false,"content":false,"excerpt":false}}},"yoast_head":"<!-- This site is optimized with the Yoast SEO plugin v21.8.1 - https:\/\/yoast.com\/wordpress\/plugins\/seo\/ -->\n<title>Impressum - Antje Gumz<\/title>\n<meta name=\"robots\" content=\"index, follow, max-snippet:-1, max-image-preview:large, max-video-preview:-1\" \/>\n<link rel=\"canonical\" href=\"https:\/\/agumz.de\/impressum\/\" \/>\n<meta property=\"og:locale\" content=\"en_US\" \/>\n<meta property=\"og:type\" content=\"article\" \/>\n<meta property=\"og:title\" content=\"Impressum - Antje Gumz\" \/>\n<meta property=\"og:url\" content=\"https:\/\/agumz.de\/impressum\/\" \/>\n<meta property=\"og:site_name\" content=\"Antje Gumz\" \/>\n<meta property=\"article:modified_time\" content=\"2025-10-14T19:49:01+00:00\" \/>\n<meta property=\"og:image\" content=\"https:\/\/agumz.de\/wp-content\/uploads\/2023\/06\/180216-058t-PROF-ANTJE-GUMZx-72dpi.jpeg\" \/>\n\t<meta property=\"og:image:width\" content=\"850\" \/>\n\t<meta property=\"og:image:height\" content=\"747\" \/>\n\t<meta property=\"og:image:type\" content=\"image\/jpeg\" \/>\n<meta name=\"twitter:card\" content=\"summary_large_image\" \/>\n<meta name=\"twitter:label1\" content=\"Est. reading time\" \/>\n\t<meta name=\"twitter:data1\" content=\"1 minute\" \/>\n<script type=\"application\/ld+json\" class=\"yoast-schema-graph\">{\"@context\":\"https:\/\/schema.org\",\"@graph\":[{\"@type\":\"WebPage\",\"@id\":\"https:\/\/agumz.de\/impressum\/\",\"url\":\"https:\/\/agumz.de\/impressum\/\",\"name\":\"Impressum - Antje Gumz\",\"isPartOf\":{\"@id\":\"https:\/\/agumz.de\/#website\"},\"datePublished\":\"2023-06-09T12:25:42+00:00\",\"dateModified\":\"2025-10-14T19:49:01+00:00\",\"breadcrumb\":{\"@id\":\"https:\/\/agumz.de\/impressum\/#breadcrumb\"},\"inLanguage\":\"en-US\",\"potentialAction\":[{\"@type\":\"ReadAction\",\"target\":[\"https:\/\/agumz.de\/impressum\/\"]}]},{\"@type\":\"BreadcrumbList\",\"@id\":\"https:\/\/agumz.de\/impressum\/#breadcrumb\",\"itemListElement\":[{\"@type\":\"ListItem\",\"position\":1,\"name\":\"Startseite\",\"item\":\"https:\/\/agumz.de\/\"},{\"@type\":\"ListItem\",\"position\":2,\"name\":\"Impressum\"}]},{\"@type\":\"WebSite\",\"@id\":\"https:\/\/agumz.de\/#website\",\"url\":\"https:\/\/agumz.de\/\",\"name\":\"Antje Gumz\",\"description\":\"Professorin f\u00fcr Psychosomatik und Psychotherapie an der Psychologischen Hochschule Berlin\",\"publisher\":{\"@id\":\"https:\/\/agumz.de\/#\/schema\/person\/1c236d029ff91b66edd9c0f3f2de828d\"},\"potentialAction\":[{\"@type\":\"SearchAction\",\"target\":{\"@type\":\"EntryPoint\",\"urlTemplate\":\"https:\/\/agumz.de\/?s={search_term_string}\"},\"query-input\":\"required name=search_term_string\"}],\"inLanguage\":\"en-US\"},{\"@type\":[\"Person\",\"Organization\"],\"@id\":\"https:\/\/agumz.de\/#\/schema\/person\/1c236d029ff91b66edd9c0f3f2de828d\",\"name\":\"Prof. Dr. Antje Gumz\",\"image\":{\"@type\":\"ImageObject\",\"inLanguage\":\"en-US\",\"@id\":\"https:\/\/agumz.de\/#\/schema\/person\/image\/\",\"url\":\"https:\/\/agumz.de\/wp-content\/uploads\/2023\/06\/180216-058t-PROF-ANTJE-GUMZx-72dpi.jpeg\",\"contentUrl\":\"https:\/\/agumz.de\/wp-content\/uploads\/2023\/06\/180216-058t-PROF-ANTJE-GUMZx-72dpi.jpeg\",\"width\":850,\"height\":747,\"caption\":\"Prof. Dr. Antje Gumz\"},\"logo\":{\"@id\":\"https:\/\/agumz.de\/#\/schema\/person\/image\/\"},\"sameAs\":[\"http:\/\/agumz.de\"]}]}<\/script>\n<!-- \/ Yoast SEO plugin. -->","yoast_head_json":{"title":"Impressum - Antje Gumz","robots":{"index":"index","follow":"follow","max-snippet":"max-snippet:-1","max-image-preview":"max-image-preview:large","max-video-preview":"max-video-preview:-1"},"canonical":"https:\/\/agumz.de\/impressum\/","og_locale":"en_US","og_type":"article","og_title":"Impressum - Antje Gumz","og_url":"https:\/\/agumz.de\/impressum\/","og_site_name":"Antje Gumz","article_modified_time":"2025-10-14T19:49:01+00:00","og_image":[{"width":850,"height":747,"url":"https:\/\/agumz.de\/wp-content\/uploads\/2023\/06\/180216-058t-PROF-ANTJE-GUMZx-72dpi.jpeg","type":"image\/jpeg"}],"twitter_card":"summary_large_image","twitter_misc":{"Est. reading time":"1 minute"},"schema":{"@context":"https:\/\/schema.org","@graph":[{"@type":"WebPage","@id":"https:\/\/agumz.de\/impressum\/","url":"https:\/\/agumz.de\/impressum\/","name":"Impressum - Antje Gumz","isPartOf":{"@id":"https:\/\/agumz.de\/#website"},"datePublished":"2023-06-09T12:25:42+00:00","dateModified":"2025-10-14T19:49:01+00:00","breadcrumb":{"@id":"https:\/\/agumz.de\/impressum\/#breadcrumb"},"inLanguage":"en-US","potentialAction":[{"@type":"ReadAction","target":["https:\/\/agumz.de\/impressum\/"]}]},{"@type":"BreadcrumbList","@id":"https:\/\/agumz.de\/impressum\/#breadcrumb","itemListElement":[{"@type":"ListItem","position":1,"name":"Startseite","item":"https:\/\/agumz.de\/"},{"@type":"ListItem","position":2,"name":"Impressum"}]},{"@type":"WebSite","@id":"https:\/\/agumz.de\/#website","url":"https:\/\/agumz.de\/","name":"Antje Gumz","description":"Professorin f\u00fcr Psychosomatik und Psychotherapie an der Psychologischen Hochschule Berlin","publisher":{"@id":"https:\/\/agumz.de\/#\/schema\/person\/1c236d029ff91b66edd9c0f3f2de828d"},"potentialAction":[{"@type":"SearchAction","target":{"@type":"EntryPoint","urlTemplate":"https:\/\/agumz.de\/?s={search_term_string}"},"query-input":"required name=search_term_string"}],"inLanguage":"en-US"},{"@type":["Person","Organization"],"@id":"https:\/\/agumz.de\/#\/schema\/person\/1c236d029ff91b66edd9c0f3f2de828d","name":"Prof. Dr. Antje Gumz","image":{"@type":"ImageObject","inLanguage":"en-US","@id":"https:\/\/agumz.de\/#\/schema\/person\/image\/","url":"https:\/\/agumz.de\/wp-content\/uploads\/2023\/06\/180216-058t-PROF-ANTJE-GUMZx-72dpi.jpeg","contentUrl":"https:\/\/agumz.de\/wp-content\/uploads\/2023\/06\/180216-058t-PROF-ANTJE-GUMZx-72dpi.jpeg","width":850,"height":747,"caption":"Prof. Dr. Antje Gumz"},"logo":{"@id":"https:\/\/agumz.de\/#\/schema\/person\/image\/"},"sameAs":["http:\/\/agumz.de"]}]}},"_links":{"self":[{"href":"https:\/\/agumz.de\/en\/wp-json\/wp\/v2\/pages\/472"}],"collection":[{"href":"https:\/\/agumz.de\/en\/wp-json\/wp\/v2\/pages"}],"about":[{"href":"https:\/\/agumz.de\/en\/wp-json\/wp\/v2\/types\/page"}],"author":[{"embeddable":true,"href":"https:\/\/agumz.de\/en\/wp-json\/wp\/v2\/users\/1"}],"replies":[{"embeddable":true,"href":"https:\/\/agumz.de\/en\/wp-json\/wp\/v2\/comments?post=472"}],"version-history":[{"count":2,"href":"https:\/\/agumz.de\/en\/wp-json\/wp\/v2\/pages\/472\/revisions"}],"predecessor-version":[{"id":972,"href":"https:\/\/agumz.de\/en\/wp-json\/wp\/v2\/pages\/472\/revisions\/972"}],"wp:attachment":[{"href":"https:\/\/agumz.de\/en\/wp-json\/wp\/v2\/media?parent=472"}],"curies":[{"name":"wp","href":"https:\/\/api.w.org\/{rel}","templated":true}]}}